{"id":3,"date":"2023-09-27T04:22:31","date_gmt":"2023-09-27T11:22:31","guid":{"rendered":"http:\/\/ifematerialhandling.com.dedi4232.your-server.de\/?page_id=3"},"modified":"2025-11-03T04:45:10","modified_gmt":"2025-11-03T09:45:10","slug":"privacy-policy","status":"publish","type":"page","link":"https:\/\/ifematerialhandling.com\/es\/privacy-policy\/","title":{"rendered":"Privacy Policy"},"content":{"rendered":"<div data-elementor-type=\"wp-page\" data-elementor-id=\"3\" class=\"elementor elementor-3\" data-elementor-post-type=\"page\">\n\t\t\t\t<div class=\"elementor-element elementor-element-42edff73 e-flex e-con-boxed e-con e-parent\" data-id=\"42edff73\" data-element_type=\"container\">\n\t\t\t\t\t<div class=\"e-con-inner\">\n\t\t\t\t<div class=\"elementor-element elementor-element-19cbcb9 elementor-widget elementor-widget-spacer\" data-id=\"19cbcb9\" data-element_type=\"widget\" data-widget_type=\"spacer.default\">\n\t\t\t\t<div class=\"elementor-widget-container\">\n\t\t\t\t\t\t\t<div class=\"elementor-spacer\">\n\t\t\t<div class=\"elementor-spacer-inner\"><\/div>\n\t\t<\/div>\n\t\t\t\t\t\t<\/div>\n\t\t\t\t<\/div>\n\t\t\t\t<div class=\"elementor-element elementor-element-55610cf elementor-widget elementor-widget-heading\" data-id=\"55610cf\" data-element_type=\"widget\" data-widget_type=\"heading.default\">\n\t\t\t\t<div class=\"elementor-widget-container\">\n\t\t\t\t\t<h1 class=\"elementor-heading-title elementor-size-default\">Privacy Policy<\/h1>\t\t\t\t<\/div>\n\t\t\t\t<\/div>\n\t\t\t\t<div class=\"elementor-element elementor-element-e34d01b elementor-widget elementor-widget-text-editor\" data-id=\"e34d01b\" data-element_type=\"widget\" data-widget_type=\"text-editor.default\">\n\t\t\t\t<div class=\"elementor-widget-container\">\n\t\t\t\t\t\t\t\t\t<p>This is the web site of IFE Material Handling NA Inc.<\/p><p>We can be reached via phone at <a href=\"tel:1-905-228-2094\">(905) 228 2094<\/a>.<\/p><p>For each visitor to our Web page, our Web server automatically recognizes only the consumer\u2019s domain name, but not the e-mail address.<\/p><p>We collect no information on consumers who browse our Web page.<\/p><p>With respect to cookies: We use cookies to record past activity at a site in order to provide better service when visitors return to our site.<\/p><p>If you supply us with your postal address on-line you will only receive the information for which you provided us with your address.<\/p><p>Persons who supply us with their telephone numbers on-line will only receive telephone contact from us with information regarding the information that they requested specifically.<\/p><p>With respect to Ad Servers: We do not partner with or have special relationships with any ad server companies.<\/p><p>With respect to security: We always use industry-standard encryption technologies when transferring and receiving consumer data exchanged with our site.<\/p><p>If you feel that this site is not following its stated information policy, you may contact us at the above phone number.<\/p>\t\t\t\t\t\t\t\t<\/div>\n\t\t\t\t<\/div>\n\t\t\t\t<div class=\"elementor-element elementor-element-da9f750 elementor-widget elementor-widget-heading\" data-id=\"da9f750\" data-element_type=\"widget\" data-widget_type=\"heading.default\">\n\t\t\t\t<div class=\"elementor-widget-container\">\n\t\t\t\t\t<h3 class=\"elementor-heading-title elementor-size-default\">Cookies<\/h3>\t\t\t\t<\/div>\n\t\t\t\t<\/div>\n\t\t\t\t<div class=\"elementor-element elementor-element-803ccae elementor-widget elementor-widget-html\" data-id=\"803ccae\" data-element_type=\"widget\" data-widget_type=\"html.default\">\n\t\t\t\t<div class=\"elementor-widget-container\">\n\t\t\t\t\t<div class=\"ccm-cookie-declaration\">Bitte aktivieren Sie Javascript, um die Liste aller deklarierten Cookies und \u00e4hnlicher Techniken zu sehen.<\/div>\n\t\t\t\t<\/div>\n\t\t\t\t<\/div>\n\t\t\t\t<div class=\"elementor-element elementor-element-d2b35d5 elementor-widget elementor-widget-heading\" data-id=\"d2b35d5\" data-element_type=\"widget\" data-widget_type=\"heading.default\">\n\t\t\t\t<div class=\"elementor-widget-container\">\n\t\t\t\t\t<h3 class=\"elementor-heading-title elementor-size-default\">Uso de Matomo<\/h3>\t\t\t\t<\/div>\n\t\t\t\t<\/div>\n\t\t\t\t<div class=\"elementor-element elementor-element-e9e4d0f elementor-widget elementor-widget-text-editor\" data-id=\"e9e4d0f\" data-element_type=\"widget\" data-widget_type=\"text-editor.default\">\n\t\t\t\t<div class=\"elementor-widget-container\">\n\t\t\t\t\t\t\t\t\t<p>Utilizamos la herramienta de an\u00e1lisis web Matomo para elaborar estad\u00edsticas an\u00f3nimas sobre el uso de nuestro sitio web. El tratamiento se realiza sin cookies y sin recopilar datos personales. Su direcci\u00f3n IP se anonimiza de forma permanente inmediatamente despu\u00e9s de su recopilaci\u00f3n, por lo que no es posible vincularla con su identidad.<\/p><p>El an\u00e1lisis de los datos de uso an\u00f3nimos se realiza exclusivamente con el fin de mejorar el contenido, la estructura y la facilidad de uso de nuestro sitio web.<\/p><p>Matomo est\u00e1 configurado de conformidad con el RGPD y se opera en un servidor ubicado en Dresde, Alemania. Los datos de uso anonimizados tambi\u00e9n se almacenan en este servidor y se eliminan autom\u00e1ticamente despu\u00e9s de un m\u00e1ximo de 24 meses. Los datos no se comparten con terceros ni se procesan fuera de la UE.<\/p>\t\t\t\t\t\t\t\t<\/div>\n\t\t\t\t<\/div>\n\t\t\t\t<div class=\"elementor-element elementor-element-7a78ce4 elementor-widget elementor-widget-heading\" data-id=\"7a78ce4\" data-element_type=\"widget\" data-widget_type=\"heading.default\">\n\t\t\t\t<div class=\"elementor-widget-container\">\n\t\t\t\t\t<h3 class=\"elementor-heading-title elementor-size-default\">Hubspot: Digital Marketing and Newsletter<\/h3>\t\t\t\t<\/div>\n\t\t\t\t<\/div>\n\t\t\t\t<div class=\"elementor-element elementor-element-87b5e89 elementor-widget elementor-widget-text-editor\" data-id=\"87b5e89\" data-element_type=\"widget\" data-widget_type=\"text-editor.default\">\n\t\t\t\t<div class=\"elementor-widget-container\">\n\t\t\t\t\t\t\t\t\t<p><strong>What is HubSpot?<\/strong><br \/>We use HubSpot, a digital marketing and newsletter tool, on our website. The service provider is the American company HubSpot, Inc, 25 First St 2nd Floor Cambridge, MA, USA. Among others, the company also has a registered office in Ireland, at 1 Sir John Rogerson&#8217;s Quay, Dublin 2, Ireland.<\/p><p><strong>Why do we use HubSpot on our website?<\/strong><br \/>We use HubSpot as a customer relationship management tool. With the help of HubSpot, we can generate new leads as well as optimise the experience for our customers.<\/p><p>Basically, we use a newsletter service to stay in touch with you. We want to tell you about most recent news of our company or about attractive offers we have in our program.<\/p><p><strong>HubSpot as a newsletter tool<\/strong><br \/>You have the possibility to subscribe to our newsletter via our website. For this purpose we need your e-mail address, and as an option your first and last name and your company name, and your consent that you agree to receive the newsletter.<\/p><p>Once you have registered for the newsletter, we will send you a confirmation email with a link to confirm your registration.<\/p><p>You can withdraw your consent to receive our newsletter at any time within the received email by clicking on the link. Once you have unsubscribed by clicking on the unsubscribe link, your data will be deleted.<\/p><p><strong>Which kind of data is stored by HubSpot?<\/strong><br \/>HubSpot stores data that is necessary to provide individualized support to our customers. This includes, among other things, customer name, address, e-mail address and IP address. The IP addresses are stored anonymised.<\/p><p>We retain personal information that you provide to us when we have an on-going legitimate business need to do so (e.g., to comply with our legal obligations, resolve disputes, and enforce our agreements). If necessary, a complete deletion of personal data can be performed in HubSpot.<\/p><p><strong>For how long and where is the data stored?<\/strong><br \/>HubSpot relies on Amazon Web Services (AWS) in the AWS region in Germany to store data.<\/p><p>The duration of retaining information HubSpot collects about you depends on both the type of information and how HubSpot collects and stores it. After a reasonable period of time, HubSpot deletes or anonymises the data. If neither of these is possible, HubSpot stores the data securely and blocks it from any further use until it can be deleted.<\/p><p>HubSpot will retain personal data for as long as HubSpot has a legitimate business interest (such as to comply with our legal obligations, resolve disputes and enforce our contractual rights).<\/p><p>After a reasonable period of time, HubSpot deletes or anonymises the data. If neither is possible, HubSpot will store your personal data in a secure manner and exclude it from any further data processing until deletion is possible. If you request HubSpot to do so, HubSpot will delete this data at an earlier date.<\/p><p><strong>How can I delete my data or impede data retention?<\/strong><br \/>You may request access to your personal information in order to correct, update or delete it.<\/p><p>You can request deletion of the data using the following link:\u00a0<a href=\"https:\/\/preferences.hubspot.com\/privacy?locale=en\" target=\"_blank\" rel=\"noopener noreferrer\">https:\/\/preferences.hubspot.com\/privacy?locale=en<\/a>.<\/p><p><strong>Legal basis<\/strong><br \/>The use of HubSpot requires your consent, which we have obtained with our cookie popup. This consent is the legal basis for the processing of personal data according to Art 6 para 1 lit a GDPR (consent).<\/p><p>Distribution of our newsletter by HubSpot is based on your consent (Art 6 para 1 lit a GDPR). This means that we may only send you a newsletter if you have actively signed up for it beforehand. We record your registration process so that we can always prove that it complies with our laws.<\/p><p>In addition to your consent, we have a legitimate interest in using HubSpot as a marketing and sales platform to attract more users. With the help of HubSpot, we can improve our profitability.<\/p><p>The legal basis for this is Art 6 para 1 lit f GDPR (legitimate interests). Nevertheless, we only use HubSpot as far as you have given your consent.<\/p><p>In those cases where it is permitted by law, the newsletter is sent on the basis of legitimate interest in direct marketing (Art 6 para 1 lit f).<\/p><p>HubSpot&#8217;s Data Processing Agreement, which complies with the Standard Contractual Clauses, can be found at\u00a0<a href=\"https:\/\/legal.hubspot.com\/dpa\" target=\"_blank\" rel=\"noopener noreferrer\">https:\/\/legal.hubspot.com\/dpa<\/a>.<br \/>If you want to find out more about HubSpot&#8217;s data processing, we recommend the following link:\u00a0<a href=\"https:\/\/legal.hubspot.com\/de\/privacy-policy\" target=\"_blank\" rel=\"noopener noreferrer\">https:\/\/legal.hubspot.com\/de\/privacy-policy<\/a>.<\/p>\t\t\t\t\t\t\t\t<\/div>\n\t\t\t\t<\/div>\n\t\t\t\t<div class=\"elementor-element elementor-element-d8ea64e elementor-widget elementor-widget-spacer\" data-id=\"d8ea64e\" data-element_type=\"widget\" data-widget_type=\"spacer.default\">\n\t\t\t\t<div class=\"elementor-widget-container\">\n\t\t\t\t\t\t\t<div class=\"elementor-spacer\">\n\t\t\t<div class=\"elementor-spacer-inner\"><\/div>\n\t\t<\/div>\n\t\t\t\t\t\t<\/div>\n\t\t\t\t<\/div>\n\t\t\t\t\t<\/div>\n\t\t\t\t<\/div>\n\t\t\t\t<\/div>","protected":false},"excerpt":{"rendered":"<p>Privacy Policy This is the web site of IFE Material Handling NA Inc. We can be reached via phone at (905) 228 2094. For each visitor to our Web page, our Web server automatically recognizes only the consumer\u2019s domain name, but not the e-mail address. We collect no information on consumers who browse our Web [&hellip;]<\/p>","protected":false},"author":1,"featured_media":0,"parent":0,"menu_order":3,"comment_status":"closed","ping_status":"open","template":"","meta":{"_acf_changed":false,"footnotes":""},"class_list":["post-3","page","type-page","status-publish","hentry"],"acf":[],"yoast_head":"<!-- This site is optimized with the Yoast SEO plugin v27.4 - https:\/\/yoast.com\/product\/yoast-seo-wordpress\/ -->\n<title>Privacy Policy - IFE Material Handling<\/title>\n<meta name=\"robots\" content=\"noindex, nofollow\" \/>\n<meta property=\"og:locale\" content=\"es_MX\" \/>\n<meta property=\"og:type\" content=\"article\" \/>\n<meta property=\"og:title\" content=\"Privacy Policy - IFE Material Handling\" \/>\n<meta property=\"og:description\" content=\"Privacy Policy This is the web site of IFE Material Handling NA Inc. We can be reached via phone at (905) 228 2094. For each visitor to our Web page, our Web server automatically recognizes only the consumer\u2019s domain name, but not the e-mail address. We collect no information on consumers who browse our Web [&hellip;]\" \/>\n<meta property=\"og:url\" content=\"https:\/\/ifematerialhandling.com\/es\/privacy-policy\/\" \/>\n<meta property=\"og:site_name\" content=\"IFE Material Handling\" \/>\n<meta property=\"article:modified_time\" content=\"2025-11-03T09:45:10+00:00\" \/>\n<meta name=\"twitter:card\" content=\"summary_large_image\" \/>\n<meta name=\"twitter:label1\" content=\"Tiempo de lectura\" \/>\n\t<meta name=\"twitter:data1\" content=\"5 minutos\" \/>\n<script type=\"application\/ld+json\" class=\"yoast-schema-graph\">{\"@context\":\"https:\\\/\\\/schema.org\",\"@graph\":[{\"@type\":\"WebPage\",\"@id\":\"https:\\\/\\\/ifematerialhandling.com\\\/privacy-policy\\\/\",\"url\":\"https:\\\/\\\/ifematerialhandling.com\\\/privacy-policy\\\/\",\"name\":\"Privacy Policy - IFE Material Handling\",\"isPartOf\":{\"@id\":\"https:\\\/\\\/ifematerialhandling.com\\\/#website\"},\"datePublished\":\"2023-09-27T11:22:31+00:00\",\"dateModified\":\"2025-11-03T09:45:10+00:00\",\"breadcrumb\":{\"@id\":\"https:\\\/\\\/ifematerialhandling.com\\\/privacy-policy\\\/#breadcrumb\"},\"inLanguage\":\"es\",\"potentialAction\":[{\"@type\":\"ReadAction\",\"target\":[\"https:\\\/\\\/ifematerialhandling.com\\\/privacy-policy\\\/\"]}]},{\"@type\":\"BreadcrumbList\",\"@id\":\"https:\\\/\\\/ifematerialhandling.com\\\/privacy-policy\\\/#breadcrumb\",\"itemListElement\":[{\"@type\":\"ListItem\",\"position\":1,\"name\":\"Home\",\"item\":\"https:\\\/\\\/ifematerialhandling.com\\\/\"},{\"@type\":\"ListItem\",\"position\":2,\"name\":\"Privacy Policy\"}]},{\"@type\":\"WebSite\",\"@id\":\"https:\\\/\\\/ifematerialhandling.com\\\/#website\",\"url\":\"https:\\\/\\\/ifematerialhandling.com\\\/\",\"name\":\"IFE Material Handling\",\"description\":\"\",\"potentialAction\":[{\"@type\":\"SearchAction\",\"target\":{\"@type\":\"EntryPoint\",\"urlTemplate\":\"https:\\\/\\\/ifematerialhandling.com\\\/?s={search_term_string}\"},\"query-input\":{\"@type\":\"PropertyValueSpecification\",\"valueRequired\":true,\"valueName\":\"search_term_string\"}}],\"inLanguage\":\"es\"}]}<\/script>\n<!-- \/ Yoast SEO plugin. -->","yoast_head_json":{"title":"Privacy Policy - IFE Material Handling","robots":{"index":"noindex","follow":"nofollow"},"og_locale":"es_MX","og_type":"article","og_title":"Privacy Policy - IFE Material Handling","og_description":"Privacy Policy This is the web site of IFE Material Handling NA Inc. We can be reached via phone at (905) 228 2094. For each visitor to our Web page, our Web server automatically recognizes only the consumer\u2019s domain name, but not the e-mail address. We collect no information on consumers who browse our Web [&hellip;]","og_url":"https:\/\/ifematerialhandling.com\/es\/privacy-policy\/","og_site_name":"IFE Material Handling","article_modified_time":"2025-11-03T09:45:10+00:00","twitter_card":"summary_large_image","twitter_misc":{"Tiempo de lectura":"5 minutos"},"schema":{"@context":"https:\/\/schema.org","@graph":[{"@type":"WebPage","@id":"https:\/\/ifematerialhandling.com\/privacy-policy\/","url":"https:\/\/ifematerialhandling.com\/privacy-policy\/","name":"Privacy Policy - IFE Material Handling","isPartOf":{"@id":"https:\/\/ifematerialhandling.com\/#website"},"datePublished":"2023-09-27T11:22:31+00:00","dateModified":"2025-11-03T09:45:10+00:00","breadcrumb":{"@id":"https:\/\/ifematerialhandling.com\/privacy-policy\/#breadcrumb"},"inLanguage":"es","potentialAction":[{"@type":"ReadAction","target":["https:\/\/ifematerialhandling.com\/privacy-policy\/"]}]},{"@type":"BreadcrumbList","@id":"https:\/\/ifematerialhandling.com\/privacy-policy\/#breadcrumb","itemListElement":[{"@type":"ListItem","position":1,"name":"Home","item":"https:\/\/ifematerialhandling.com\/"},{"@type":"ListItem","position":2,"name":"Privacy Policy"}]},{"@type":"WebSite","@id":"https:\/\/ifematerialhandling.com\/#website","url":"https:\/\/ifematerialhandling.com\/","name":"IFE Material Handling","description":"","potentialAction":[{"@type":"SearchAction","target":{"@type":"EntryPoint","urlTemplate":"https:\/\/ifematerialhandling.com\/?s={search_term_string}"},"query-input":{"@type":"PropertyValueSpecification","valueRequired":true,"valueName":"search_term_string"}}],"inLanguage":"es"}]}},"_links":{"self":[{"href":"https:\/\/ifematerialhandling.com\/es\/wp-json\/wp\/v2\/pages\/3","targetHints":{"allow":["GET"]}}],"collection":[{"href":"https:\/\/ifematerialhandling.com\/es\/wp-json\/wp\/v2\/pages"}],"about":[{"href":"https:\/\/ifematerialhandling.com\/es\/wp-json\/wp\/v2\/types\/page"}],"author":[{"embeddable":true,"href":"https:\/\/ifematerialhandling.com\/es\/wp-json\/wp\/v2\/users\/1"}],"replies":[{"embeddable":true,"href":"https:\/\/ifematerialhandling.com\/es\/wp-json\/wp\/v2\/comments?post=3"}],"version-history":[{"count":10,"href":"https:\/\/ifematerialhandling.com\/es\/wp-json\/wp\/v2\/pages\/3\/revisions"}],"predecessor-version":[{"id":1429,"href":"https:\/\/ifematerialhandling.com\/es\/wp-json\/wp\/v2\/pages\/3\/revisions\/1429"}],"wp:attachment":[{"href":"https:\/\/ifematerialhandling.com\/es\/wp-json\/wp\/v2\/media?parent=3"}],"curies":[{"name":"wp","href":"https:\/\/api.w.org\/{rel}","templated":true}]}}